{"id":13,"date":"2026-01-26T15:42:28","date_gmt":"2026-01-26T15:42:28","guid":{"rendered":"https:\/\/hellojapan.hu\/?page_id=13"},"modified":"2026-05-02T09:28:33","modified_gmt":"2026-05-02T09:28:33","slug":"elerhetoseg","status":"publish","type":"page","link":"https:\/\/hellojapan.hu\/index.php\/elerhetoseg\/","title":{"rendered":"El\u00e9rhet\u0151s\u00e9g"},"content":{"rendered":"\t\t<div data-elementor-type=\"wp-page\" data-elementor-id=\"13\" class=\"elementor elementor-13\">\n\t\t\t\t<div class=\"elementor-element elementor-element-3c2e6018 e-flex e-con-boxed e-con e-parent\" data-id=\"3c2e6018\" data-element_type=\"container\">\n\t\t\t\t\t<div class=\"e-con-inner\">\n\t\t\t\t<div class=\"elementor-element elementor-element-7c70ef9f elementor-widget elementor-widget-text-editor\" data-id=\"7c70ef9f\" data-element_type=\"widget\" data-widget_type=\"text-editor.default\">\n\t\t\t\t\t\t\t\t\t\n<p>\u201eK\u00e9rd\u00e9sed van, vagy elinduln\u00e1l a jap\u00e1n kult\u00fara \u00fatj\u00e1n? Keress minket bizalommal!\u201d<\/p>\n<ul>\n<li>\n<p data-path-to-node=\"10,0,0\"><b data-path-to-node=\"10,0,0\" data-index-in-node=\"0\">\u2709\ufe0f \u00cdrj nek\u00fcnk:<\/b> hello@hellojapan.hu<\/p>\n<\/li>\n<li>\n<p data-path-to-node=\"10,1,0\"><b data-path-to-node=\"10,1,0\" data-index-in-node=\"0\">\ud83d\udcde H\u00edvj minket:<\/b> \u00a0<span style=\"font-size: 1rem;\">0036-30-846-5499 vagy\u00a0 a <\/span><span style=\"font-size: 1rem;\">0036-30-448-9384 sz\u00e1mon<\/span><\/p>\n<\/li>\n<\/ul>\n<p>Hello Var\u00e1zs Kft. 2023<\/p>\n\t\t\t\t\t\t\t\t<\/div>\n\t\t\t\t\t<\/div>\n\t\t\t\t<\/div>\n\t\t\t\t<\/div>\n\t\t","protected":false},"excerpt":{"rendered":"<p>\u201eK\u00e9rd\u00e9sed van, vagy elinduln\u00e1l a jap\u00e1n kult\u00fara \u00fatj\u00e1n? Keress minket bizalommal!\u201d \u2709\ufe0f \u00cdrj nek\u00fcnk: hello@hellojapan.hu \ud83d\udcde H\u00edvj minket: \u00a00036-30-846-5499 vagy\u00a0 a 0036-30-448-9384 sz\u00e1mon Hello Var\u00e1zs Kft. 2023<\/p>\n","protected":false},"author":1,"featured_media":65,"parent":0,"menu_order":0,"comment_status":"closed","ping_status":"closed","template":"","meta":{"_themeisle_gutenberg_block_has_review":false,"footnotes":""},"class_list":["post-13","page","type-page","status-publish","has-post-thumbnail","hentry"],"yoast_head":"<!-- This site is optimized with the Yoast SEO plugin v26.8 - https:\/\/yoast.com\/product\/yoast-seo-wordpress\/ -->\n<title>El\u00e9rhet\u0151s\u00e9g - HelloJapan<\/title>\n<meta name=\"robots\" content=\"index, follow, max-snippet:-1, max-image-preview:large, max-video-preview:-1\" \/>\n<link rel=\"canonical\" href=\"https:\/\/hellojapan.hu\/index.php\/elerhetoseg\/\" \/>\n<meta property=\"og:locale\" content=\"hu_HU\" \/>\n<meta property=\"og:type\" content=\"article\" \/>\n<meta property=\"og:title\" content=\"El\u00e9rhet\u0151s\u00e9g - HelloJapan\" \/>\n<meta property=\"og:description\" content=\"\u201eK\u00e9rd\u00e9sed van, vagy elinduln\u00e1l a jap\u00e1n kult\u00fara \u00fatj\u00e1n? Keress minket bizalommal!\u201d \u2709\ufe0f \u00cdrj nek\u00fcnk: hello@hellojapan.hu \ud83d\udcde H\u00edvj minket: \u00a00036-30-846-5499 vagy\u00a0 a 0036-30-448-9384 sz\u00e1mon Hello Var\u00e1zs Kft. 2023\" \/>\n<meta property=\"og:url\" content=\"https:\/\/hellojapan.hu\/index.php\/elerhetoseg\/\" \/>\n<meta property=\"og:site_name\" content=\"HelloJapan\" \/>\n<meta property=\"article:modified_time\" content=\"2026-05-02T09:28:33+00:00\" \/>\n<meta property=\"og:image\" content=\"https:\/\/hellojapan.hu\/wp-content\/uploads\/2026\/01\/Design-Pics-7.jpg\" \/>\n\t<meta property=\"og:image:width\" content=\"1437\" \/>\n\t<meta property=\"og:image:height\" content=\"957\" \/>\n\t<meta property=\"og:image:type\" content=\"image\/jpeg\" \/>\n<meta name=\"twitter:card\" content=\"summary_large_image\" \/>\n<meta name=\"twitter:label1\" content=\"Becs\u00fclt olvas\u00e1si id\u0151\" \/>\n\t<meta name=\"twitter:data1\" content=\"1 perc\" \/>\n<script type=\"application\/ld+json\" class=\"yoast-schema-graph\">{\"@context\":\"https:\/\/schema.org\",\"@graph\":[{\"@type\":\"WebPage\",\"@id\":\"https:\/\/hellojapan.hu\/index.php\/elerhetoseg\/\",\"url\":\"https:\/\/hellojapan.hu\/index.php\/elerhetoseg\/\",\"name\":\"El\u00e9rhet\u0151s\u00e9g - HelloJapan\",\"isPartOf\":{\"@id\":\"https:\/\/hellojapan.hu\/#website\"},\"primaryImageOfPage\":{\"@id\":\"https:\/\/hellojapan.hu\/index.php\/elerhetoseg\/#primaryimage\"},\"image\":{\"@id\":\"https:\/\/hellojapan.hu\/index.php\/elerhetoseg\/#primaryimage\"},\"thumbnailUrl\":\"https:\/\/hellojapan.hu\/wp-content\/uploads\/2026\/01\/Design-Pics-7.jpg\",\"datePublished\":\"2026-01-26T15:42:28+00:00\",\"dateModified\":\"2026-05-02T09:28:33+00:00\",\"breadcrumb\":{\"@id\":\"https:\/\/hellojapan.hu\/index.php\/elerhetoseg\/#breadcrumb\"},\"inLanguage\":\"hu\",\"potentialAction\":[{\"@type\":\"ReadAction\",\"target\":[\"https:\/\/hellojapan.hu\/index.php\/elerhetoseg\/\"]}]},{\"@type\":\"ImageObject\",\"inLanguage\":\"hu\",\"@id\":\"https:\/\/hellojapan.hu\/index.php\/elerhetoseg\/#primaryimage\",\"url\":\"https:\/\/hellojapan.hu\/wp-content\/uploads\/2026\/01\/Design-Pics-7.jpg\",\"contentUrl\":\"https:\/\/hellojapan.hu\/wp-content\/uploads\/2026\/01\/Design-Pics-7.jpg\",\"width\":1437,\"height\":957},{\"@type\":\"BreadcrumbList\",\"@id\":\"https:\/\/hellojapan.hu\/index.php\/elerhetoseg\/#breadcrumb\",\"itemListElement\":[{\"@type\":\"ListItem\",\"position\":1,\"name\":\"Kezd\u0151lap\",\"item\":\"https:\/\/hellojapan.hu\/\"},{\"@type\":\"ListItem\",\"position\":2,\"name\":\"El\u00e9rhet\u0151s\u00e9g\"}]},{\"@type\":\"WebSite\",\"@id\":\"https:\/\/hellojapan.hu\/#website\",\"url\":\"https:\/\/hellojapan.hu\/\",\"name\":\"HelloJapan\",\"description\":\"Japan-Culture-Style-Buildings\",\"publisher\":{\"@id\":\"https:\/\/hellojapan.hu\/#organization\"},\"potentialAction\":[{\"@type\":\"SearchAction\",\"target\":{\"@type\":\"EntryPoint\",\"urlTemplate\":\"https:\/\/hellojapan.hu\/?s={search_term_string}\"},\"query-input\":{\"@type\":\"PropertyValueSpecification\",\"valueRequired\":true,\"valueName\":\"search_term_string\"}}],\"inLanguage\":\"hu\"},{\"@type\":\"Organization\",\"@id\":\"https:\/\/hellojapan.hu\/#organization\",\"name\":\"HelloJapan\",\"url\":\"https:\/\/hellojapan.hu\/\",\"logo\":{\"@type\":\"ImageObject\",\"inLanguage\":\"hu\",\"@id\":\"https:\/\/hellojapan.hu\/#\/schema\/logo\/image\/\",\"url\":\"https:\/\/hellojapan.hu\/wp-content\/uploads\/2026\/02\/cropped-2-circle-600x600-1.png\",\"contentUrl\":\"https:\/\/hellojapan.hu\/wp-content\/uploads\/2026\/02\/cropped-2-circle-600x600-1.png\",\"width\":250,\"height\":250,\"caption\":\"HelloJapan\"},\"image\":{\"@id\":\"https:\/\/hellojapan.hu\/#\/schema\/logo\/image\/\"}}]}<\/script>\n<!-- \/ Yoast SEO plugin. -->","yoast_head_json":{"title":"El\u00e9rhet\u0151s\u00e9g - HelloJapan","robots":{"index":"index","follow":"follow","max-snippet":"max-snippet:-1","max-image-preview":"max-image-preview:large","max-video-preview":"max-video-preview:-1"},"canonical":"https:\/\/hellojapan.hu\/index.php\/elerhetoseg\/","og_locale":"hu_HU","og_type":"article","og_title":"El\u00e9rhet\u0151s\u00e9g - HelloJapan","og_description":"\u201eK\u00e9rd\u00e9sed van, vagy elinduln\u00e1l a jap\u00e1n kult\u00fara \u00fatj\u00e1n? Keress minket bizalommal!\u201d \u2709\ufe0f \u00cdrj nek\u00fcnk: hello@hellojapan.hu \ud83d\udcde H\u00edvj minket: \u00a00036-30-846-5499 vagy\u00a0 a 0036-30-448-9384 sz\u00e1mon Hello Var\u00e1zs Kft. 2023","og_url":"https:\/\/hellojapan.hu\/index.php\/elerhetoseg\/","og_site_name":"HelloJapan","article_modified_time":"2026-05-02T09:28:33+00:00","og_image":[{"width":1437,"height":957,"url":"https:\/\/hellojapan.hu\/wp-content\/uploads\/2026\/01\/Design-Pics-7.jpg","type":"image\/jpeg"}],"twitter_card":"summary_large_image","twitter_misc":{"Becs\u00fclt olvas\u00e1si id\u0151":"1 perc"},"schema":{"@context":"https:\/\/schema.org","@graph":[{"@type":"WebPage","@id":"https:\/\/hellojapan.hu\/index.php\/elerhetoseg\/","url":"https:\/\/hellojapan.hu\/index.php\/elerhetoseg\/","name":"El\u00e9rhet\u0151s\u00e9g - HelloJapan","isPartOf":{"@id":"https:\/\/hellojapan.hu\/#website"},"primaryImageOfPage":{"@id":"https:\/\/hellojapan.hu\/index.php\/elerhetoseg\/#primaryimage"},"image":{"@id":"https:\/\/hellojapan.hu\/index.php\/elerhetoseg\/#primaryimage"},"thumbnailUrl":"https:\/\/hellojapan.hu\/wp-content\/uploads\/2026\/01\/Design-Pics-7.jpg","datePublished":"2026-01-26T15:42:28+00:00","dateModified":"2026-05-02T09:28:33+00:00","breadcrumb":{"@id":"https:\/\/hellojapan.hu\/index.php\/elerhetoseg\/#breadcrumb"},"inLanguage":"hu","potentialAction":[{"@type":"ReadAction","target":["https:\/\/hellojapan.hu\/index.php\/elerhetoseg\/"]}]},{"@type":"ImageObject","inLanguage":"hu","@id":"https:\/\/hellojapan.hu\/index.php\/elerhetoseg\/#primaryimage","url":"https:\/\/hellojapan.hu\/wp-content\/uploads\/2026\/01\/Design-Pics-7.jpg","contentUrl":"https:\/\/hellojapan.hu\/wp-content\/uploads\/2026\/01\/Design-Pics-7.jpg","width":1437,"height":957},{"@type":"BreadcrumbList","@id":"https:\/\/hellojapan.hu\/index.php\/elerhetoseg\/#breadcrumb","itemListElement":[{"@type":"ListItem","position":1,"name":"Kezd\u0151lap","item":"https:\/\/hellojapan.hu\/"},{"@type":"ListItem","position":2,"name":"El\u00e9rhet\u0151s\u00e9g"}]},{"@type":"WebSite","@id":"https:\/\/hellojapan.hu\/#website","url":"https:\/\/hellojapan.hu\/","name":"HelloJapan","description":"Japan-Culture-Style-Buildings","publisher":{"@id":"https:\/\/hellojapan.hu\/#organization"},"potentialAction":[{"@type":"SearchAction","target":{"@type":"EntryPoint","urlTemplate":"https:\/\/hellojapan.hu\/?s={search_term_string}"},"query-input":{"@type":"PropertyValueSpecification","valueRequired":true,"valueName":"search_term_string"}}],"inLanguage":"hu"},{"@type":"Organization","@id":"https:\/\/hellojapan.hu\/#organization","name":"HelloJapan","url":"https:\/\/hellojapan.hu\/","logo":{"@type":"ImageObject","inLanguage":"hu","@id":"https:\/\/hellojapan.hu\/#\/schema\/logo\/image\/","url":"https:\/\/hellojapan.hu\/wp-content\/uploads\/2026\/02\/cropped-2-circle-600x600-1.png","contentUrl":"https:\/\/hellojapan.hu\/wp-content\/uploads\/2026\/02\/cropped-2-circle-600x600-1.png","width":250,"height":250,"caption":"HelloJapan"},"image":{"@id":"https:\/\/hellojapan.hu\/#\/schema\/logo\/image\/"}}]}},"_links":{"self":[{"href":"https:\/\/hellojapan.hu\/index.php\/wp-json\/wp\/v2\/pages\/13","targetHints":{"allow":["GET"]}}],"collection":[{"href":"https:\/\/hellojapan.hu\/index.php\/wp-json\/wp\/v2\/pages"}],"about":[{"href":"https:\/\/hellojapan.hu\/index.php\/wp-json\/wp\/v2\/types\/page"}],"author":[{"embeddable":true,"href":"https:\/\/hellojapan.hu\/index.php\/wp-json\/wp\/v2\/users\/1"}],"replies":[{"embeddable":true,"href":"https:\/\/hellojapan.hu\/index.php\/wp-json\/wp\/v2\/comments?post=13"}],"version-history":[{"count":22,"href":"https:\/\/hellojapan.hu\/index.php\/wp-json\/wp\/v2\/pages\/13\/revisions"}],"predecessor-version":[{"id":244,"href":"https:\/\/hellojapan.hu\/index.php\/wp-json\/wp\/v2\/pages\/13\/revisions\/244"}],"wp:featuredmedia":[{"embeddable":true,"href":"https:\/\/hellojapan.hu\/index.php\/wp-json\/wp\/v2\/media\/65"}],"wp:attachment":[{"href":"https:\/\/hellojapan.hu\/index.php\/wp-json\/wp\/v2\/media?parent=13"}],"curies":[{"name":"wp","href":"https:\/\/api.w.org\/{rel}","templated":true}]}}