{"id":53,"date":"2026-01-26T16:45:30","date_gmt":"2026-01-26T16:45:30","guid":{"rendered":"https:\/\/hellojapan.hu\/index.php\/fooldal\/"},"modified":"2026-02-09T18:51:12","modified_gmt":"2026-02-09T18:51:12","slug":"fooldal","status":"publish","type":"page","link":"https:\/\/hellojapan.hu\/","title":{"rendered":"HelloJapan"},"content":{"rendered":"\t\t<div data-elementor-type=\"wp-page\" data-elementor-id=\"53\" class=\"elementor elementor-53\">\n\t\t\t\t<div class=\"elementor-element elementor-element-3c14584a e-flex e-con-boxed e-con e-parent\" data-id=\"3c14584a\" data-element_type=\"container\">\n\t\t\t\t\t<div class=\"e-con-inner\">\n\t\t\t\t<div class=\"elementor-element elementor-element-74e52195 elementor-widget elementor-widget-text-editor\" data-id=\"74e52195\" data-element_type=\"widget\" data-widget_type=\"text-editor.default\">\n\t\t\t\t\t\t\t\t\t\n<div class=\"wp-block-cover alignfull has-white-background-color has-background-dim hestia-clear-top-padding\">\n<div class=\"wp-block-cover__inner-container is-layout-flow wp-block-cover-is-layout-flow\">\n<h2 class=\"has-text-align-center has-text-color wp-block-heading\" style=\"color: #3c4858;\"><strong>A Hello Japan Projektr\u0151l<\/strong><\/h2>\n\n<div class=\"wp-block-spacer\" style=\"height: 40px;\" aria-hidden=\"true\">\u00a0<\/div>\n\n<div class=\"wp-block-columns container is-layout-flex wp-container-core-columns-is-layout-9d6595d7 wp-block-columns-is-layout-flex\">\n<div class=\"wp-block-column is-layout-flow wp-block-column-is-layout-flow\">\n<div class=\"wp-block-image\">\n<figure class=\"aligncenter size-large\"><img fetchpriority=\"high\" decoding=\"async\" class=\"alignnone size-medium wp-image-121\" src=\"https:\/\/hellojapan.hu\/wp-content\/uploads\/2026\/01\/c5f4aec7845c495f5f14e69ee380df85-300x282.png\" alt=\"\" width=\"300\" height=\"282\" srcset=\"https:\/\/hellojapan.hu\/wp-content\/uploads\/2026\/01\/c5f4aec7845c495f5f14e69ee380df85-300x282.png 300w, https:\/\/hellojapan.hu\/wp-content\/uploads\/2026\/01\/c5f4aec7845c495f5f14e69ee380df85-1024x964.png 1024w, https:\/\/hellojapan.hu\/wp-content\/uploads\/2026\/01\/c5f4aec7845c495f5f14e69ee380df85-768x723.png 768w, https:\/\/hellojapan.hu\/wp-content\/uploads\/2026\/01\/c5f4aec7845c495f5f14e69ee380df85-1536x1446.png 1536w, https:\/\/hellojapan.hu\/wp-content\/uploads\/2026\/01\/c5f4aec7845c495f5f14e69ee380df85-2048x1928.png 2048w\" sizes=\"(max-width: 300px) 100vw, 300px\" \/><\/figure>\n<\/div>\n\n<h5 class=\"has-text-align-center has-text-color wp-block-heading\" style=\"color: #3c4858; font-size: 18px;\">Az \u00e1lom sz\u00fclet\u00e9se<\/h5>\n\n<p class=\"has-text-align-center has-text-color\" style=\"color: #999999; font-size: 14px;\">\u201eA jap\u00e1n kult\u00fara ir\u00e1nti elhivatotts\u00e1gunk nem egy hirtelen \u00f6tlet, hanem egy \u00e9leten \u00e1t tart\u00f3 utaz\u00e1s eredm\u00e9nye. \u00c9vtizedeken kereszt\u00fcl csod\u00e1lattal ad\u00f3ztunk a szigetorsz\u00e1g eszt\u00e9tik\u00e1j\u00e1nak, b\u00e1j\u00e1nak \u00e9s m\u00e9ly b\u00f6lcsess\u00e9g\u00e9nek. Ez a rajong\u00e1s v\u00e1lt az \u00e9lethivat\u00e1sunkk\u00e1: megval\u00f3s\u00edtani egy \u00e1lmot, amelyben a jap\u00e1n trad\u00edci\u00f3 \u00e9s a magyar vend\u00e9gszeretet tal\u00e1lkozik.\u201d<\/p>\n\n<div class=\"wp-block-spacer\" style=\"height: 25px;\" aria-hidden=\"true\">\u00a0<\/div>\n<\/div>\n\n<div class=\"wp-block-column is-layout-flow wp-block-column-is-layout-flow\">\n<div class=\"wp-block-image\">\n<figure class=\"aligncenter size-large\"><img decoding=\"async\" class=\"alignnone size-medium wp-image-122\" src=\"https:\/\/hellojapan.hu\/wp-content\/uploads\/2026\/01\/768cc15ccfe5d079f683ccbc7c0b16ec-300x253.png\" alt=\"\" width=\"300\" height=\"253\" srcset=\"https:\/\/hellojapan.hu\/wp-content\/uploads\/2026\/01\/768cc15ccfe5d079f683ccbc7c0b16ec-300x253.png 300w, https:\/\/hellojapan.hu\/wp-content\/uploads\/2026\/01\/768cc15ccfe5d079f683ccbc7c0b16ec-1024x863.png 1024w, https:\/\/hellojapan.hu\/wp-content\/uploads\/2026\/01\/768cc15ccfe5d079f683ccbc7c0b16ec-768x647.png 768w, https:\/\/hellojapan.hu\/wp-content\/uploads\/2026\/01\/768cc15ccfe5d079f683ccbc7c0b16ec-1536x1294.png 1536w, https:\/\/hellojapan.hu\/wp-content\/uploads\/2026\/01\/768cc15ccfe5d079f683ccbc7c0b16ec-2048x1726.png 2048w\" sizes=\"(max-width: 300px) 100vw, 300px\" \/><\/figure>\n<\/div>\n\n<h5 class=\"has-text-align-center has-text-color wp-block-heading\" style=\"color: #3c4858; font-size: 18px;\">Autentikus \u00e9s min\u0151s\u00e9gi<\/h5>\n\n<p class=\"has-text-align-center has-text-color\" style=\"color: #999999; font-size: 14px;\">\u201eHissz\u00fck, hogy egy \u00e1lmot megval\u00f3s\u00edtani annyi, mint mag\u00e1ban az \u00e1lomban \u00e9lni. \u00c9ppen ez\u00e9rt nem \u00e9rj\u00fck be kevesebbel a t\u00f6k\u00e9letesn\u00e9l: tudatosan t\u00f6reksz\u00fcnk az eredeti jap\u00e1n \u00e9p\u00edt\u00e9szeti hagyom\u00e1nyokon alapul\u00f3, pr\u00e9mium min\u0151s\u00e9g\u0171 kivitelez\u00e9sre. Minden \u00e9p\u00fclet\u00fcnk \u00e9s projekt\u00fcnk m\u00f6g\u00f6tt hiteles tud\u00e1s \u00e9s a r\u00e9szletek ir\u00e1nti al\u00e1zat \u00e1ll, legyen sz\u00f3 a form\u00e1k harm\u00f3ni\u00e1j\u00e1r\u00f3l vagy az anyagok kiv\u00e1laszt\u00e1s\u00e1r\u00f3l.\u201d<\/p>\n\n<div class=\"wp-block-spacer\" style=\"height: 25px;\" aria-hidden=\"true\">\u00a0<\/div>\n<\/div>\n\n<div class=\"wp-block-column is-layout-flow wp-block-column-is-layout-flow\">\n<div class=\"wp-block-image\">\n<figure class=\"aligncenter size-large\"><img decoding=\"async\" class=\"alignnone size-medium wp-image-123\" src=\"https:\/\/hellojapan.hu\/wp-content\/uploads\/2026\/01\/1794acf568844a6b5047e1602724e787-300x290.png\" alt=\"\" width=\"300\" height=\"290\" srcset=\"https:\/\/hellojapan.hu\/wp-content\/uploads\/2026\/01\/1794acf568844a6b5047e1602724e787-300x290.png 300w, https:\/\/hellojapan.hu\/wp-content\/uploads\/2026\/01\/1794acf568844a6b5047e1602724e787-1024x989.png 1024w, https:\/\/hellojapan.hu\/wp-content\/uploads\/2026\/01\/1794acf568844a6b5047e1602724e787-768x742.png 768w, https:\/\/hellojapan.hu\/wp-content\/uploads\/2026\/01\/1794acf568844a6b5047e1602724e787-1536x1484.png 1536w, https:\/\/hellojapan.hu\/wp-content\/uploads\/2026\/01\/1794acf568844a6b5047e1602724e787-2048x1978.png 2048w\" sizes=\"(max-width: 300px) 100vw, 300px\" \/><\/figure>\n<\/div>\n\n<h5 class=\"has-text-align-center has-text-color wp-block-heading\" style=\"color: #3c4858; font-size: 18px;\"><strong>Hidat \u00e9p\u00edt\u00fcnk k\u00e9t vil\u00e1g k\u00f6z\u00f6tt<\/strong><\/h5>\n\n<p class=\"has-text-align-center has-text-color\" style=\"color: #999999; font-size: 14px;\">\u201eK\u00fcldet\u00e9s\u00fcnk t\u00falmutat az \u00e9p\u00edt\u00e9szeten. Olyan nemzetk\u00f6zi sz\u00ednvonal\u00fa l\u00e9tes\u00edtm\u00e9nyek l\u00e9trehoz\u00e1s\u00e1n \u00e9s \u00fczemeltet\u00e9s\u00e9n dolgozunk, amelyek hazai \u00e9s k\u00fclf\u00f6ldi l\u00e1togat\u00f3kat egyar\u00e1nt vonzanak. C\u00e9lunk, hogy projektjeinkkel kultur\u00e1lis hidat k\u00e9pezz\u00fcnk, \u00e9s ezzel p\u00e1rhuzamosan Magyarorsz\u00e1g \u00e9s Jap\u00e1n j\u00f3 h\u00edrnev\u00e9t is \u00f6regb\u00edts\u00fck a vil\u00e1gban..\u201d<\/p>\n\n<div class=\"wp-block-spacer\" style=\"height: 25px;\" aria-hidden=\"true\">\u00a0<\/div>\n<\/div>\n<\/div>\n\n<div class=\"wp-block-spacer\" style=\"height: 40px;\" aria-hidden=\"true\">\n<p>\u00a0<\/p>\n<\/div>\n<\/div>\n<\/div>\n\n<div class=\"wp-block-columns container is-layout-flex wp-container-core-columns-is-layout-9d6595d7 wp-block-columns-is-layout-flex\">\n<div class=\"wp-block-column col-md-5 is-layout-flow wp-block-column-is-layout-flow\">\n<div class=\"wp-block-spacer\" style=\"height: 55px;\" aria-hidden=\"true\">\u00a0<\/div>\n\n<h4 class=\"wp-block-heading\"><b>MI\u00c9RT MI?<\/b><\/h4>\n\n<p data-path-to-node=\"10\">Amikor minket v\u00e1laszt, nem csup\u00e1n egy \u00e9p\u00fcletet vagy szolg\u00e1ltat\u00e1st kap, hanem egy darabot abb\u00f3l a harm\u00f3ni\u00e1b\u00f3l, amit Jap\u00e1n \u00e9vsz\u00e1zadok alatt t\u00f6k\u00e9letes\u00edtett.<\/p>\n<ul>\n<li data-path-to-node=\"11,0,0\"><b data-path-to-node=\"11,0,0\" data-index-in-node=\"0\">Hagyom\u00e1nytisztelet:<\/b> Az \u0151si jap\u00e1n megold\u00e1sokat modern ig\u00e9nyekre szabjuk.<\/li>\n<li>\n<p data-path-to-node=\"11,1,0\"><b data-path-to-node=\"11,1,0\" data-index-in-node=\"0\">Min\u0151s\u00e9g:<\/b> N\u00e1lunk a \u201ejap\u00e1n sz\u00ednvonal\u201d nem csak \u00edg\u00e9ret, hanem alapk\u00f6vetelm\u00e9ny.<\/p>\n<\/li>\n<li>\n<p data-path-to-node=\"11,2,0\"><b data-path-to-node=\"11,2,0\" data-index-in-node=\"0\">Elhivatotts\u00e1g:<\/b> Szenved\u00e9llyel alkotunk, mert nek\u00fcnk ez a sz\u00edv\u00fcgy\u00fcnk.<\/p>\n<\/li>\n<\/ul>\n<\/div>\n<\/div>\n\t\t\t\t\t\t\t\t<\/div>\n\t\t\t\t\t<\/div>\n\t\t\t\t<\/div>\n\t\t\t\t<\/div>\n\t\t","protected":false},"excerpt":{"rendered":"<p>MI\u00c9RT MI? Amikor minket v\u00e1laszt, nem csup\u00e1n egy \u00e9p\u00fcletet vagy szolg\u00e1ltat\u00e1st kap, hanem egy darabot abb\u00f3l a harm\u00f3ni\u00e1b\u00f3l, amit Jap\u00e1n \u00e9vsz\u00e1zadok alatt t\u00f6k\u00e9letes\u00edtett. Hagyom\u00e1nytisztelet: Az \u0151si jap\u00e1n megold\u00e1sokat modern ig\u00e9nyekre szabjuk. Min\u0151s\u00e9g: N\u00e1lunk a \u201ejap\u00e1n sz\u00ednvonal\u201d nem csak \u00edg\u00e9ret, hanem alapk\u00f6vetelm\u00e9ny. Elhivatotts\u00e1g: Szenved\u00e9llyel alkotunk, mert nek\u00fcnk ez a sz\u00edv\u00fcgy\u00fcnk.<\/p>\n","protected":false},"author":1,"featured_media":0,"parent":0,"menu_order":0,"comment_status":"closed","ping_status":"closed","template":"","meta":{"_themeisle_gutenberg_block_has_review":false,"footnotes":""},"class_list":["post-53","page","type-page","status-publish","hentry"],"yoast_head":"<!-- This site is optimized with the Yoast SEO plugin v26.8 - https:\/\/yoast.com\/product\/yoast-seo-wordpress\/ -->\n<title>HelloJapan - HelloJapan<\/title>\n<meta name=\"robots\" content=\"index, follow, max-snippet:-1, max-image-preview:large, max-video-preview:-1\" \/>\n<link rel=\"canonical\" href=\"https:\/\/hellojapan.hu\/\" \/>\n<meta property=\"og:locale\" content=\"hu_HU\" \/>\n<meta property=\"og:type\" content=\"article\" \/>\n<meta property=\"og:title\" content=\"HelloJapan - HelloJapan\" \/>\n<meta property=\"og:description\" content=\"MI\u00c9RT MI? Amikor minket v\u00e1laszt, nem csup\u00e1n egy \u00e9p\u00fcletet vagy szolg\u00e1ltat\u00e1st kap, hanem egy darabot abb\u00f3l a harm\u00f3ni\u00e1b\u00f3l, amit Jap\u00e1n \u00e9vsz\u00e1zadok alatt t\u00f6k\u00e9letes\u00edtett. Hagyom\u00e1nytisztelet: Az \u0151si jap\u00e1n megold\u00e1sokat modern ig\u00e9nyekre szabjuk. Min\u0151s\u00e9g: N\u00e1lunk a \u201ejap\u00e1n sz\u00ednvonal\u201d nem csak \u00edg\u00e9ret, hanem alapk\u00f6vetelm\u00e9ny. Elhivatotts\u00e1g: Szenved\u00e9llyel alkotunk, mert nek\u00fcnk ez a sz\u00edv\u00fcgy\u00fcnk.\" \/>\n<meta property=\"og:url\" content=\"https:\/\/hellojapan.hu\/\" \/>\n<meta property=\"og:site_name\" content=\"HelloJapan\" \/>\n<meta property=\"article:modified_time\" content=\"2026-02-09T18:51:12+00:00\" \/>\n<meta property=\"og:image\" content=\"https:\/\/hellojapan.hu\/wp-content\/uploads\/2026\/01\/c5f4aec7845c495f5f14e69ee380df85-1024x964.png\" \/>\n\t<meta property=\"og:image:width\" content=\"1024\" \/>\n\t<meta property=\"og:image:height\" content=\"964\" \/>\n\t<meta property=\"og:image:type\" content=\"image\/png\" \/>\n<meta name=\"twitter:card\" content=\"summary_large_image\" \/>\n<meta name=\"twitter:label1\" content=\"Becs\u00fclt olvas\u00e1si id\u0151\" \/>\n\t<meta name=\"twitter:data1\" content=\"2 perc\" \/>\n<script type=\"application\/ld+json\" class=\"yoast-schema-graph\">{\"@context\":\"https:\/\/schema.org\",\"@graph\":[{\"@type\":\"WebPage\",\"@id\":\"https:\/\/hellojapan.hu\/\",\"url\":\"https:\/\/hellojapan.hu\/\",\"name\":\"HelloJapan - HelloJapan\",\"isPartOf\":{\"@id\":\"https:\/\/hellojapan.hu\/#website\"},\"primaryImageOfPage\":{\"@id\":\"https:\/\/hellojapan.hu\/#primaryimage\"},\"image\":{\"@id\":\"https:\/\/hellojapan.hu\/#primaryimage\"},\"thumbnailUrl\":\"https:\/\/hellojapan.hu\/wp-content\/uploads\/2026\/01\/c5f4aec7845c495f5f14e69ee380df85-300x282.png\",\"datePublished\":\"2026-01-26T16:45:30+00:00\",\"dateModified\":\"2026-02-09T18:51:12+00:00\",\"breadcrumb\":{\"@id\":\"https:\/\/hellojapan.hu\/#breadcrumb\"},\"inLanguage\":\"hu\",\"potentialAction\":[{\"@type\":\"ReadAction\",\"target\":[\"https:\/\/hellojapan.hu\/\"]}]},{\"@type\":\"ImageObject\",\"inLanguage\":\"hu\",\"@id\":\"https:\/\/hellojapan.hu\/#primaryimage\",\"url\":\"https:\/\/hellojapan.hu\/wp-content\/uploads\/2026\/01\/c5f4aec7845c495f5f14e69ee380df85-scaled.png\",\"contentUrl\":\"https:\/\/hellojapan.hu\/wp-content\/uploads\/2026\/01\/c5f4aec7845c495f5f14e69ee380df85-scaled.png\",\"width\":2560,\"height\":2410},{\"@type\":\"BreadcrumbList\",\"@id\":\"https:\/\/hellojapan.hu\/#breadcrumb\",\"itemListElement\":[{\"@type\":\"ListItem\",\"position\":1,\"name\":\"Kezd\u0151lap\",\"item\":\"https:\/\/hellojapan.hu\/\"},{\"@type\":\"ListItem\",\"position\":2,\"name\":\"HelloJapan\"}]},{\"@type\":\"WebSite\",\"@id\":\"https:\/\/hellojapan.hu\/#website\",\"url\":\"https:\/\/hellojapan.hu\/\",\"name\":\"HelloJapan\",\"description\":\"Japan-Culture-Style-Buildings\",\"publisher\":{\"@id\":\"https:\/\/hellojapan.hu\/#organization\"},\"potentialAction\":[{\"@type\":\"SearchAction\",\"target\":{\"@type\":\"EntryPoint\",\"urlTemplate\":\"https:\/\/hellojapan.hu\/?s={search_term_string}\"},\"query-input\":{\"@type\":\"PropertyValueSpecification\",\"valueRequired\":true,\"valueName\":\"search_term_string\"}}],\"inLanguage\":\"hu\"},{\"@type\":\"Organization\",\"@id\":\"https:\/\/hellojapan.hu\/#organization\",\"name\":\"HelloJapan\",\"url\":\"https:\/\/hellojapan.hu\/\",\"logo\":{\"@type\":\"ImageObject\",\"inLanguage\":\"hu\",\"@id\":\"https:\/\/hellojapan.hu\/#\/schema\/logo\/image\/\",\"url\":\"https:\/\/hellojapan.hu\/wp-content\/uploads\/2026\/02\/cropped-2-circle-600x600-1.png\",\"contentUrl\":\"https:\/\/hellojapan.hu\/wp-content\/uploads\/2026\/02\/cropped-2-circle-600x600-1.png\",\"width\":250,\"height\":250,\"caption\":\"HelloJapan\"},\"image\":{\"@id\":\"https:\/\/hellojapan.hu\/#\/schema\/logo\/image\/\"}}]}<\/script>\n<!-- \/ Yoast SEO plugin. -->","yoast_head_json":{"title":"HelloJapan - HelloJapan","robots":{"index":"index","follow":"follow","max-snippet":"max-snippet:-1","max-image-preview":"max-image-preview:large","max-video-preview":"max-video-preview:-1"},"canonical":"https:\/\/hellojapan.hu\/","og_locale":"hu_HU","og_type":"article","og_title":"HelloJapan - HelloJapan","og_description":"MI\u00c9RT MI? Amikor minket v\u00e1laszt, nem csup\u00e1n egy \u00e9p\u00fcletet vagy szolg\u00e1ltat\u00e1st kap, hanem egy darabot abb\u00f3l a harm\u00f3ni\u00e1b\u00f3l, amit Jap\u00e1n \u00e9vsz\u00e1zadok alatt t\u00f6k\u00e9letes\u00edtett. Hagyom\u00e1nytisztelet: Az \u0151si jap\u00e1n megold\u00e1sokat modern ig\u00e9nyekre szabjuk. Min\u0151s\u00e9g: N\u00e1lunk a \u201ejap\u00e1n sz\u00ednvonal\u201d nem csak \u00edg\u00e9ret, hanem alapk\u00f6vetelm\u00e9ny. Elhivatotts\u00e1g: Szenved\u00e9llyel alkotunk, mert nek\u00fcnk ez a sz\u00edv\u00fcgy\u00fcnk.","og_url":"https:\/\/hellojapan.hu\/","og_site_name":"HelloJapan","article_modified_time":"2026-02-09T18:51:12+00:00","og_image":[{"width":1024,"height":964,"url":"https:\/\/hellojapan.hu\/wp-content\/uploads\/2026\/01\/c5f4aec7845c495f5f14e69ee380df85-1024x964.png","type":"image\/png"}],"twitter_card":"summary_large_image","twitter_misc":{"Becs\u00fclt olvas\u00e1si id\u0151":"2 perc"},"schema":{"@context":"https:\/\/schema.org","@graph":[{"@type":"WebPage","@id":"https:\/\/hellojapan.hu\/","url":"https:\/\/hellojapan.hu\/","name":"HelloJapan - HelloJapan","isPartOf":{"@id":"https:\/\/hellojapan.hu\/#website"},"primaryImageOfPage":{"@id":"https:\/\/hellojapan.hu\/#primaryimage"},"image":{"@id":"https:\/\/hellojapan.hu\/#primaryimage"},"thumbnailUrl":"https:\/\/hellojapan.hu\/wp-content\/uploads\/2026\/01\/c5f4aec7845c495f5f14e69ee380df85-300x282.png","datePublished":"2026-01-26T16:45:30+00:00","dateModified":"2026-02-09T18:51:12+00:00","breadcrumb":{"@id":"https:\/\/hellojapan.hu\/#breadcrumb"},"inLanguage":"hu","potentialAction":[{"@type":"ReadAction","target":["https:\/\/hellojapan.hu\/"]}]},{"@type":"ImageObject","inLanguage":"hu","@id":"https:\/\/hellojapan.hu\/#primaryimage","url":"https:\/\/hellojapan.hu\/wp-content\/uploads\/2026\/01\/c5f4aec7845c495f5f14e69ee380df85-scaled.png","contentUrl":"https:\/\/hellojapan.hu\/wp-content\/uploads\/2026\/01\/c5f4aec7845c495f5f14e69ee380df85-scaled.png","width":2560,"height":2410},{"@type":"BreadcrumbList","@id":"https:\/\/hellojapan.hu\/#breadcrumb","itemListElement":[{"@type":"ListItem","position":1,"name":"Kezd\u0151lap","item":"https:\/\/hellojapan.hu\/"},{"@type":"ListItem","position":2,"name":"HelloJapan"}]},{"@type":"WebSite","@id":"https:\/\/hellojapan.hu\/#website","url":"https:\/\/hellojapan.hu\/","name":"HelloJapan","description":"Japan-Culture-Style-Buildings","publisher":{"@id":"https:\/\/hellojapan.hu\/#organization"},"potentialAction":[{"@type":"SearchAction","target":{"@type":"EntryPoint","urlTemplate":"https:\/\/hellojapan.hu\/?s={search_term_string}"},"query-input":{"@type":"PropertyValueSpecification","valueRequired":true,"valueName":"search_term_string"}}],"inLanguage":"hu"},{"@type":"Organization","@id":"https:\/\/hellojapan.hu\/#organization","name":"HelloJapan","url":"https:\/\/hellojapan.hu\/","logo":{"@type":"ImageObject","inLanguage":"hu","@id":"https:\/\/hellojapan.hu\/#\/schema\/logo\/image\/","url":"https:\/\/hellojapan.hu\/wp-content\/uploads\/2026\/02\/cropped-2-circle-600x600-1.png","contentUrl":"https:\/\/hellojapan.hu\/wp-content\/uploads\/2026\/02\/cropped-2-circle-600x600-1.png","width":250,"height":250,"caption":"HelloJapan"},"image":{"@id":"https:\/\/hellojapan.hu\/#\/schema\/logo\/image\/"}}]}},"_links":{"self":[{"href":"https:\/\/hellojapan.hu\/index.php\/wp-json\/wp\/v2\/pages\/53","targetHints":{"allow":["GET"]}}],"collection":[{"href":"https:\/\/hellojapan.hu\/index.php\/wp-json\/wp\/v2\/pages"}],"about":[{"href":"https:\/\/hellojapan.hu\/index.php\/wp-json\/wp\/v2\/types\/page"}],"author":[{"embeddable":true,"href":"https:\/\/hellojapan.hu\/index.php\/wp-json\/wp\/v2\/users\/1"}],"replies":[{"embeddable":true,"href":"https:\/\/hellojapan.hu\/index.php\/wp-json\/wp\/v2\/comments?post=53"}],"version-history":[{"count":50,"href":"https:\/\/hellojapan.hu\/index.php\/wp-json\/wp\/v2\/pages\/53\/revisions"}],"predecessor-version":[{"id":202,"href":"https:\/\/hellojapan.hu\/index.php\/wp-json\/wp\/v2\/pages\/53\/revisions\/202"}],"wp:attachment":[{"href":"https:\/\/hellojapan.hu\/index.php\/wp-json\/wp\/v2\/media?parent=53"}],"curies":[{"name":"wp","href":"https:\/\/api.w.org\/{rel}","templated":true}]}}